{"id":1914,"date":"2022-10-19T09:28:47","date_gmt":"2022-10-19T09:28:47","guid":{"rendered":"https:\/\/tgmsrl.com\/tgm-lavorazioni-meccaniche-di-precisione\/"},"modified":"2025-09-03T14:23:17","modified_gmt":"2025-09-03T14:23:17","slug":"tgm-qualitaetslieferant-fuer-mechanische-praezisionsbearbeitung","status":"publish","type":"page","link":"https:\/\/tgmsrl.com\/de\/tgm-qualitaetslieferant-fuer-mechanische-praezisionsbearbeitung\/","title":{"rendered":"Das unternehmen"},"content":{"rendered":"\n<p>TGM, das noch immer von der Familie Grosoli gef\u00fchrt wird, ist seit 1965 ein Qualit\u00e4tslieferant f\u00fcr mechanische Pr\u00e4zisionsbearbeitung.<\/p>\n\n\n\n<p>Das Unternehmen hat es sich zur Aufgabe gemacht, alle Arten von Bearbeitungen auszuf\u00fchren und die Kunden zu unterst\u00fctzen, ohne dabei Kompromisse bei der Qualit\u00e4t der Produkte und der P\u00fcnktlichkeit der Lieferungen einzugehen, die f\u00fcr einen ausgezeichneten Lieferservice erforderlich sind.<\/p>\n\n\n\n<p>Dank kontinuierlicher Investitionen in Mitarbeiter und modernste Ausr\u00fcstung sowie ausgefeilte Managementtechniken bietet TGM seinen Kunden einen umfassenden Service von hoher Qualit\u00e4t.<\/p>\n\n\n\n<div style=\"height:50px\" aria-hidden=\"true\" class=\"wp-block-spacer\"><\/div>\n\n\n\n<figure class=\"wp-block-gallery has-nested-images columns-default is-cropped wp-block-gallery-1 is-layout-flex wp-block-gallery-is-layout-flex\">\n<figure class=\"wp-block-image size-full\"><img loading=\"lazy\" decoding=\"async\" width=\"798\" height=\"600\" data-id=\"1501\" src=\"https:\/\/tgmsrl.com\/wp-content\/uploads\/2024\/10\/TGM_Azienda_fotovoltaico_green.jpg\" alt=\"\" class=\"wp-image-1501\" srcset=\"https:\/\/tgmsrl.com\/wp-content\/uploads\/2024\/10\/TGM_Azienda_fotovoltaico_green.jpg 798w, https:\/\/tgmsrl.com\/wp-content\/uploads\/2024\/10\/TGM_Azienda_fotovoltaico_green-480x361.jpg 480w\" sizes=\"auto, (min-width: 0px) and (max-width: 480px) 480px, (min-width: 481px) 798px, 100vw\" \/><\/figure>\n\n\n\n<figure class=\"wp-block-image size-large\"><img loading=\"lazy\" decoding=\"async\" width=\"800\" height=\"600\" data-id=\"716\" src=\"https:\/\/tgmmeccanicadiprecisione.it\/wp-content\/uploads\/2022\/11\/azienda2.jpg\" alt=\"Magazzino-TGM-forniture-meccaniche\" class=\"wp-image-716\" srcset=\"https:\/\/tgmmeccanicadiprecisione.it\/wp-content\/uploads\/2022\/11\/azienda2.jpg 800w, https:\/\/tgmmeccanicadiprecisione.it\/wp-content\/uploads\/2022\/11\/azienda2-480x360.jpg 480w\" sizes=\"auto, (min-width: 0px) and (max-width: 480px) 480px, (min-width: 481px) 800px, 100vw\" \/><\/figure>\n<\/figure>\n\n\n\n<div style=\"height:8px\" aria-hidden=\"true\" class=\"wp-block-spacer\"><\/div>\n\n\n\n<figure class=\"wp-block-video\"><video height=\"720\" style=\"aspect-ratio: 1280 \/ 720;\" width=\"1280\" controls src=\"https:\/\/tgmsrl.com\/wp-content\/uploads\/2024\/10\/Sede_TGM_fotovoltaico_WEB.mp4\"><\/video><\/figure>\n","protected":false},"excerpt":{"rendered":"<p>TGM, das noch immer von der Familie Grosoli gef\u00fchrt wird, ist seit 1965 ein Qualit\u00e4tslieferant f\u00fcr mechanische Pr\u00e4zisionsbearbeitung. Das Unternehmen hat es sich zur Aufgabe gemacht, alle Arten von Bearbeitungen auszuf\u00fchren und die Kunden zu unterst\u00fctzen, ohne dabei Kompromisse bei der Qualit\u00e4t der Produkte und der P\u00fcnktlichkeit der Lieferungen einzugehen, die f\u00fcr einen ausgezeichneten Lieferservice [&hellip;]<\/p>\n","protected":false},"author":1,"featured_media":1738,"parent":0,"menu_order":0,"comment_status":"closed","ping_status":"closed","template":"","meta":{"_et_pb_use_builder":"off","_et_pb_old_content":"<!-- wp:paragraph -->\n<p>Dal 1965 TGM, sempre gestita dalla famiglia Grosoli, si propone come fornitore di qualit\u00e0 per lavorazioni meccaniche di precisione.<\/p>\n<!-- \/wp:paragraph -->\n\n<!-- wp:paragraph -->\n<p>L\u2019impegno dell\u2019azienda \u00e8 quello di eseguire lavorazioni di ogni tipologia e dare un supporto al cliente, senza rinunciare mai alla massima qualit\u00e0 del prodotto e alla puntualit\u00e0 delle consegne necessarie a garantire un servizio di fornitura d\u2019eccellenza<\/p>\n<!-- \/wp:paragraph -->\n\n<!-- wp:paragraph -->\n<p>Grazie ai continui investimenti in persone e in attrezzature d\u2019avanguardia e alle sofisticate tecniche gestionali, TGM offre ai propri clienti un servizio completo di alta qualit\u00e0.<\/p>\n<!-- \/wp:paragraph -->\n\n<!-- wp:spacer {\"height\":\"50px\"} -->\n<div style=\"height:50px\" aria-hidden=\"true\" class=\"wp-block-spacer\"><\/div>\n<!-- \/wp:spacer -->\n\n<!-- wp:gallery {\"linkTo\":\"none\"} -->\n<figure class=\"wp-block-gallery has-nested-images columns-default is-cropped\"><!-- wp:image {\"id\":715,\"sizeSlug\":\"large\",\"linkDestination\":\"none\"} -->\n<figure class=\"wp-block-image size-large\"><img src=\"https:\/\/tgmmeccanicadiprecisione.it\/wp-content\/uploads\/2022\/11\/azienda1-e1670832583956.jpg\" alt=\"\" class=\"wp-image-715\"\/><\/figure>\n<!-- \/wp:image -->\n\n<!-- wp:image {\"id\":716,\"sizeSlug\":\"large\",\"linkDestination\":\"none\"} -->\n<figure class=\"wp-block-image size-large\"><img src=\"https:\/\/tgmmeccanicadiprecisione.it\/wp-content\/uploads\/2022\/11\/azienda2.jpg\" alt=\"\" class=\"wp-image-716\"\/><\/figure>\n<!-- \/wp:image --><\/figure>\n<!-- \/wp:gallery -->","_et_gb_content_width":"","footnotes":""},"class_list":["post-1914","page","type-page","status-publish","has-post-thumbnail","hentry"],"yoast_head":"<!-- This site is optimized with the Yoast SEO plugin v20.1 - https:\/\/yoast.com\/wordpress\/plugins\/seo\/ -->\n<title>TGM Anbieter mechanischer Bearbeitung seit 1965 &mdash; TGM<\/title>\n<meta name=\"description\" content=\"TGM, seit 1965 ein Anbieter hervorragender mechanischer Pr\u00e4zisionsbearbeitung im Raum Modena, ist auf das Drehen spezialisiert...\" \/>\n<meta name=\"robots\" content=\"index, follow, max-snippet:-1, max-video-preview:-1, noimageindex\" \/>\n<link rel=\"canonical\" href=\"https:\/\/tgmmeccanicadiprecisione.it\/de\/tgm-qualitaetslieferant-fuer-mechanische-praezisionsbearbeitung\/\" \/>\n<meta property=\"og:locale\" content=\"de_DE\" \/>\n<meta property=\"og:type\" content=\"article\" \/>\n<meta property=\"og:title\" content=\"TGM Anbieter mechanischer Bearbeitung seit 1965 &mdash; TGM\" \/>\n<meta property=\"og:description\" content=\"TGM, seit 1965 ein Anbieter hervorragender mechanischer Pr\u00e4zisionsbearbeitung im Raum Modena, ist auf das Drehen spezialisiert...\" \/>\n<meta property=\"og:url\" content=\"https:\/\/tgmmeccanicadiprecisione.it\/de\/tgm-qualitaetslieferant-fuer-mechanische-praezisionsbearbeitung\/\" \/>\n<meta property=\"og:site_name\" content=\"TGM\" \/>\n<meta property=\"article:modified_time\" content=\"2025-09-03T14:23:17+00:00\" \/>\n<meta property=\"og:image\" content=\"https:\/\/tgmmeccanicadiprecisione.it\/wp-content\/uploads\/2022\/11\/azienda-scaled-e1667465354380.jpg\" \/>\n\t<meta property=\"og:image:width\" content=\"2560\" \/>\n\t<meta property=\"og:image:height\" content=\"889\" \/>\n\t<meta property=\"og:image:type\" content=\"image\/jpeg\" \/>\n<script type=\"application\/ld+json\" class=\"yoast-schema-graph\">{\"@context\":\"https:\/\/schema.org\",\"@graph\":[{\"@type\":\"WebPage\",\"@id\":\"https:\/\/tgmmeccanicadiprecisione.it\/de\/tgm-qualitaetslieferant-fuer-mechanische-praezisionsbearbeitung\/\",\"url\":\"https:\/\/tgmmeccanicadiprecisione.it\/de\/tgm-qualitaetslieferant-fuer-mechanische-praezisionsbearbeitung\/\",\"name\":\"TGM Anbieter mechanischer Bearbeitung seit 1965 &mdash; TGM\",\"isPartOf\":{\"@id\":\"https:\/\/www.tgmsrl.com\/#website\"},\"datePublished\":\"2022-10-19T09:28:47+00:00\",\"dateModified\":\"2025-09-03T14:23:17+00:00\",\"description\":\"TGM, seit 1965 ein Anbieter hervorragender mechanischer Pr\u00e4zisionsbearbeitung im Raum Modena, ist auf das Drehen spezialisiert...\",\"breadcrumb\":{\"@id\":\"https:\/\/tgmmeccanicadiprecisione.it\/de\/tgm-qualitaetslieferant-fuer-mechanische-praezisionsbearbeitung\/#breadcrumb\"},\"inLanguage\":\"de\",\"potentialAction\":[{\"@type\":\"ReadAction\",\"target\":[\"https:\/\/tgmmeccanicadiprecisione.it\/de\/tgm-qualitaetslieferant-fuer-mechanische-praezisionsbearbeitung\/\"]}]},{\"@type\":\"BreadcrumbList\",\"@id\":\"https:\/\/tgmmeccanicadiprecisione.it\/de\/tgm-qualitaetslieferant-fuer-mechanische-praezisionsbearbeitung\/#breadcrumb\",\"itemListElement\":[{\"@type\":\"ListItem\",\"position\":1,\"name\":\"Home\",\"item\":\"https:\/\/mail.tgmmeccanicadiprecisione.it\/de\/\"},{\"@type\":\"ListItem\",\"position\":2,\"name\":\"Das unternehmen\"}]},{\"@type\":\"WebSite\",\"@id\":\"https:\/\/www.tgmsrl.com\/#website\",\"url\":\"https:\/\/www.tgmsrl.com\/\",\"name\":\"TGM\",\"description\":\"Lavorazioni meccaniche di precisione\",\"publisher\":{\"@id\":\"https:\/\/www.tgmsrl.com\/#organization\"},\"alternateName\":\"TGM Meccanica di precisione\",\"potentialAction\":[{\"@type\":\"SearchAction\",\"target\":{\"@type\":\"EntryPoint\",\"urlTemplate\":\"https:\/\/www.tgmsrl.com\/?s={search_term_string}\"},\"query-input\":\"required name=search_term_string\"}],\"inLanguage\":\"de\"},{\"@type\":\"Organization\",\"@id\":\"https:\/\/www.tgmsrl.com\/#organization\",\"name\":\"TGM\",\"alternateName\":\"TGM Lavorazioni meccaniche di precisione\",\"url\":\"https:\/\/www.tgmsrl.com\/\",\"logo\":{\"@type\":\"ImageObject\",\"inLanguage\":\"de\",\"@id\":\"https:\/\/www.tgmsrl.com\/#\/schema\/logo\/image\/\",\"url\":\"https:\/\/tgmsrl.com\/wp-content\/uploads\/2022\/12\/cropped-logo-icona-sito.png\",\"contentUrl\":\"https:\/\/tgmsrl.com\/wp-content\/uploads\/2022\/12\/cropped-logo-icona-sito.png\",\"width\":512,\"height\":512,\"caption\":\"TGM\"},\"image\":{\"@id\":\"https:\/\/www.tgmsrl.com\/#\/schema\/logo\/image\/\"}}]}<\/script>\n<!-- \/ Yoast SEO plugin. -->","yoast_head_json":{"title":"TGM Anbieter mechanischer Bearbeitung seit 1965 &mdash; TGM","description":"TGM, seit 1965 ein Anbieter hervorragender mechanischer Pr\u00e4zisionsbearbeitung im Raum Modena, ist auf das Drehen spezialisiert...","robots":{"index":"index","follow":"follow","max-snippet":"max-snippet:-1","max-video-preview":"max-video-preview:-1","imageindex":"noimageindex"},"canonical":"https:\/\/tgmmeccanicadiprecisione.it\/de\/tgm-qualitaetslieferant-fuer-mechanische-praezisionsbearbeitung\/","og_locale":"de_DE","og_type":"article","og_title":"TGM Anbieter mechanischer Bearbeitung seit 1965 &mdash; TGM","og_description":"TGM, seit 1965 ein Anbieter hervorragender mechanischer Pr\u00e4zisionsbearbeitung im Raum Modena, ist auf das Drehen spezialisiert...","og_url":"https:\/\/tgmmeccanicadiprecisione.it\/de\/tgm-qualitaetslieferant-fuer-mechanische-praezisionsbearbeitung\/","og_site_name":"TGM","article_modified_time":"2025-09-03T14:23:17+00:00","og_image":[{"width":2560,"height":889,"url":"https:\/\/tgmmeccanicadiprecisione.it\/wp-content\/uploads\/2022\/11\/azienda-scaled-e1667465354380.jpg","type":"image\/jpeg"}],"schema":{"@context":"https:\/\/schema.org","@graph":[{"@type":"WebPage","@id":"https:\/\/tgmmeccanicadiprecisione.it\/de\/tgm-qualitaetslieferant-fuer-mechanische-praezisionsbearbeitung\/","url":"https:\/\/tgmmeccanicadiprecisione.it\/de\/tgm-qualitaetslieferant-fuer-mechanische-praezisionsbearbeitung\/","name":"TGM Anbieter mechanischer Bearbeitung seit 1965 &mdash; TGM","isPartOf":{"@id":"https:\/\/www.tgmsrl.com\/#website"},"datePublished":"2022-10-19T09:28:47+00:00","dateModified":"2025-09-03T14:23:17+00:00","description":"TGM, seit 1965 ein Anbieter hervorragender mechanischer Pr\u00e4zisionsbearbeitung im Raum Modena, ist auf das Drehen spezialisiert...","breadcrumb":{"@id":"https:\/\/tgmmeccanicadiprecisione.it\/de\/tgm-qualitaetslieferant-fuer-mechanische-praezisionsbearbeitung\/#breadcrumb"},"inLanguage":"de","potentialAction":[{"@type":"ReadAction","target":["https:\/\/tgmmeccanicadiprecisione.it\/de\/tgm-qualitaetslieferant-fuer-mechanische-praezisionsbearbeitung\/"]}]},{"@type":"BreadcrumbList","@id":"https:\/\/tgmmeccanicadiprecisione.it\/de\/tgm-qualitaetslieferant-fuer-mechanische-praezisionsbearbeitung\/#breadcrumb","itemListElement":[{"@type":"ListItem","position":1,"name":"Home","item":"https:\/\/mail.tgmmeccanicadiprecisione.it\/de\/"},{"@type":"ListItem","position":2,"name":"Das unternehmen"}]},{"@type":"WebSite","@id":"https:\/\/www.tgmsrl.com\/#website","url":"https:\/\/www.tgmsrl.com\/","name":"TGM","description":"Lavorazioni meccaniche di precisione","publisher":{"@id":"https:\/\/www.tgmsrl.com\/#organization"},"alternateName":"TGM Meccanica di precisione","potentialAction":[{"@type":"SearchAction","target":{"@type":"EntryPoint","urlTemplate":"https:\/\/www.tgmsrl.com\/?s={search_term_string}"},"query-input":"required name=search_term_string"}],"inLanguage":"de"},{"@type":"Organization","@id":"https:\/\/www.tgmsrl.com\/#organization","name":"TGM","alternateName":"TGM Lavorazioni meccaniche di precisione","url":"https:\/\/www.tgmsrl.com\/","logo":{"@type":"ImageObject","inLanguage":"de","@id":"https:\/\/www.tgmsrl.com\/#\/schema\/logo\/image\/","url":"https:\/\/tgmsrl.com\/wp-content\/uploads\/2022\/12\/cropped-logo-icona-sito.png","contentUrl":"https:\/\/tgmsrl.com\/wp-content\/uploads\/2022\/12\/cropped-logo-icona-sito.png","width":512,"height":512,"caption":"TGM"},"image":{"@id":"https:\/\/www.tgmsrl.com\/#\/schema\/logo\/image\/"}}]}},"_links":{"self":[{"href":"https:\/\/tgmsrl.com\/de\/wp-json\/wp\/v2\/pages\/1914","targetHints":{"allow":["GET"]}}],"collection":[{"href":"https:\/\/tgmsrl.com\/de\/wp-json\/wp\/v2\/pages"}],"about":[{"href":"https:\/\/tgmsrl.com\/de\/wp-json\/wp\/v2\/types\/page"}],"author":[{"embeddable":true,"href":"https:\/\/tgmsrl.com\/de\/wp-json\/wp\/v2\/users\/1"}],"replies":[{"embeddable":true,"href":"https:\/\/tgmsrl.com\/de\/wp-json\/wp\/v2\/comments?post=1914"}],"version-history":[{"count":3,"href":"https:\/\/tgmsrl.com\/de\/wp-json\/wp\/v2\/pages\/1914\/revisions"}],"predecessor-version":[{"id":1919,"href":"https:\/\/tgmsrl.com\/de\/wp-json\/wp\/v2\/pages\/1914\/revisions\/1919"}],"wp:featuredmedia":[{"embeddable":true,"href":"https:\/\/tgmsrl.com\/de\/wp-json\/wp\/v2\/media\/1738"}],"wp:attachment":[{"href":"https:\/\/tgmsrl.com\/de\/wp-json\/wp\/v2\/media?parent=1914"}],"curies":[{"name":"wp","href":"https:\/\/api.w.org\/{rel}","templated":true}]}}