{"id":1967,"date":"2022-12-05T10:56:26","date_gmt":"2022-12-05T10:56:26","guid":{"rendered":"https:\/\/tgmsrl.com\/tgm-qualitaetslieferant-fuer-mechanische-praezisionsbearbeitung\/servizio-cliente-produzione-qualita\/"},"modified":"2025-09-03T14:32:47","modified_gmt":"2025-09-03T14:32:47","slug":"kunden-service-produktions-qualitaet","status":"publish","type":"page","link":"https:\/\/tgmsrl.com\/de\/tgm-qualitaetslieferant-fuer-mechanische-praezisionsbearbeitung\/kunden-service-produktions-qualitaet\/","title":{"rendered":"Kompletter Kundenservice"},"content":{"rendered":"\n<p>Von den Kunden als Partner anerkannt zu werden, bedeutet f\u00fcr TGM S.r.l., sich durch Produkt- und Servicequalit\u00e4t, Detailgenauigkeit, Zuverl\u00e4ssigkeit, Effizienz und Image auszuzeichnen.<\/p>\n\n\n\n<p>Um den Kunden noch besser bedienen zu k\u00f6nnen, bietet das Unternehmen neben der mechanischen Bearbeitung seit einiger Zeit auch die Lieferung von mechanischen Teilen mit allen Arten von Rohstoffen &#8211; Stahl, Kupfer, Messing, Aluminium, Sonderlegierungen, Nylon usw. &#8211; sowie mehrere Bearbeitungsvorg\u00e4nge und W\u00e4rme- und Oberfl\u00e4chenbehandlungen aller Art an.<\/p>\n\n\n\n<p>Neben den Bauteilen ist TGM auch in der Lage, dem Kunden einen kompletten Service zu bieten, da es sich im Laufe der Jahre so strukturiert hat, dass es auf Wunsch die Montage mehrerer Teile organisiert und ein vormontiertes Produkt liefert, die st\u00fcckweise Etikettierung, die kundenspezifische Verpackung mit individueller Kennzeichnung, Papier, Karton, Kisten, Paletten usw. durchf\u00fchrt und den KAN-BAN-Service im Lager anbietet, der die Lieferungen f\u00fcr den Kunden verwaltet.<\/p>\n\n\n\n<div style=\"height:50px\" aria-hidden=\"true\" class=\"wp-block-spacer\"><\/div>\n\n\n\n<figure class=\"wp-block-gallery has-nested-images columns-default is-cropped wp-block-gallery-1 is-layout-flex wp-block-gallery-is-layout-flex\">\n<figure class=\"wp-block-image size-large\"><img loading=\"lazy\" decoding=\"async\" width=\"500\" height=\"263\" data-id=\"906\" src=\"https:\/\/tgmmeccanicadiprecisione.it\/wp-content\/uploads\/2022\/12\/Materie-prime_6836-e1671184469239.jpg\" alt=\"\" class=\"wp-image-906\" srcset=\"https:\/\/tgmsrl.com\/wp-content\/uploads\/2022\/12\/Materie-prime_6836-e1671184469239.jpg 500w, https:\/\/tgmsrl.com\/wp-content\/uploads\/2022\/12\/Materie-prime_6836-e1671184469239-300x158.jpg 300w\" sizes=\"auto, (max-width: 500px) 100vw, 500px\" \/><\/figure>\n\n\n\n<figure class=\"wp-block-image size-large\"><img loading=\"lazy\" decoding=\"async\" width=\"500\" height=\"265\" data-id=\"905\" src=\"https:\/\/tgmmeccanicadiprecisione.it\/wp-content\/uploads\/2022\/12\/Mateire-prime7172.jpg\" alt=\"\" class=\"wp-image-905\" srcset=\"https:\/\/tgmmeccanicadiprecisione.it\/wp-content\/uploads\/2022\/12\/Mateire-prime7172.jpg 500w, https:\/\/tgmmeccanicadiprecisione.it\/wp-content\/uploads\/2022\/12\/Mateire-prime7172-480x254.jpg 480w\" sizes=\"auto, (min-width: 0px) and (max-width: 480px) 480px, (min-width: 481px) 500px, 100vw\" \/><\/figure>\n<\/figure>\n","protected":false},"excerpt":{"rendered":"<p>Von den Kunden als Partner anerkannt zu werden, bedeutet f\u00fcr TGM S.r.l., sich durch Produkt- und Servicequalit\u00e4t, Detailgenauigkeit, Zuverl\u00e4ssigkeit, Effizienz und Image auszuzeichnen. Um den Kunden noch besser bedienen zu k\u00f6nnen, bietet das Unternehmen neben der mechanischen Bearbeitung seit einiger Zeit auch die Lieferung von mechanischen Teilen mit allen Arten von Rohstoffen &#8211; Stahl, Kupfer, [&hellip;]<\/p>\n","protected":false},"author":1,"featured_media":1800,"parent":1914,"menu_order":0,"comment_status":"closed","ping_status":"closed","template":"","meta":{"_et_pb_use_builder":"off","_et_pb_old_content":"<!-- wp:divi\/placeholder \/-->","_et_gb_content_width":"","footnotes":""},"class_list":["post-1967","page","type-page","status-publish","has-post-thumbnail","hentry"],"yoast_head":"<!-- This site is optimized with the Yoast SEO plugin v20.1 - https:\/\/yoast.com\/wordpress\/plugins\/seo\/ -->\n<title>TGM &mdash; Kompletter Kundenservice<\/title>\n<meta name=\"description\" content=\"Hervorragende Qualit\u00e4t: Liebe zum Detail, Zuverl\u00e4ssigkeit, Effizienz und kontinuierliche Weiterentwicklung. TGM basiert auf diesen Eigenschaften ...\" \/>\n<meta name=\"robots\" content=\"index, follow, max-snippet:-1, max-image-preview:large, max-video-preview:-1\" \/>\n<link rel=\"canonical\" href=\"https:\/\/www.tgmmeccanicadiprecisione.it\/de\/tgm-qualitaetslieferant-fuer-mechanische-praezisionsbearbeitung\/kunden-service-produktions-qualitaet\/\" \/>\n<meta property=\"og:locale\" content=\"de_DE\" \/>\n<meta property=\"og:type\" content=\"article\" \/>\n<meta property=\"og:title\" content=\"TGM &mdash; Kompletter Kundenservice\" \/>\n<meta property=\"og:description\" content=\"Hervorragende Qualit\u00e4t: Liebe zum Detail, Zuverl\u00e4ssigkeit, Effizienz und kontinuierliche Weiterentwicklung. TGM basiert auf diesen Eigenschaften ...\" \/>\n<meta property=\"og:url\" content=\"https:\/\/www.tgmmeccanicadiprecisione.it\/de\/tgm-qualitaetslieferant-fuer-mechanische-praezisionsbearbeitung\/kunden-service-produktions-qualitaet\/\" \/>\n<meta property=\"og:site_name\" content=\"TGM\" \/>\n<meta property=\"article:modified_time\" content=\"2025-09-03T14:32:47+00:00\" \/>\n<meta property=\"og:image\" content=\"https:\/\/www.tgmmeccanicadiprecisione.it\/wp-content\/uploads\/2022\/12\/Confezionamento_6816.jpg\" \/>\n\t<meta property=\"og:image:width\" content=\"1\" \/>\n\t<meta property=\"og:image:height\" content=\"1\" \/>\n\t<meta property=\"og:image:type\" content=\"image\/jpeg\" \/>\n<script type=\"application\/ld+json\" class=\"yoast-schema-graph\">{\"@context\":\"https:\/\/schema.org\",\"@graph\":[{\"@type\":\"WebPage\",\"@id\":\"https:\/\/www.tgmmeccanicadiprecisione.it\/de\/tgm-qualitaetslieferant-fuer-mechanische-praezisionsbearbeitung\/kunden-service-produktions-qualitaet\/\",\"url\":\"https:\/\/www.tgmmeccanicadiprecisione.it\/de\/tgm-qualitaetslieferant-fuer-mechanische-praezisionsbearbeitung\/kunden-service-produktions-qualitaet\/\",\"name\":\"TGM &mdash; Kompletter Kundenservice\",\"isPartOf\":{\"@id\":\"https:\/\/www.tgmsrl.com\/#website\"},\"datePublished\":\"2022-12-05T10:56:26+00:00\",\"dateModified\":\"2025-09-03T14:32:47+00:00\",\"description\":\"Hervorragende Qualit\u00e4t: Liebe zum Detail, Zuverl\u00e4ssigkeit, Effizienz und kontinuierliche Weiterentwicklung. TGM basiert auf diesen Eigenschaften ...\",\"breadcrumb\":{\"@id\":\"https:\/\/www.tgmmeccanicadiprecisione.it\/de\/tgm-qualitaetslieferant-fuer-mechanische-praezisionsbearbeitung\/kunden-service-produktions-qualitaet\/#breadcrumb\"},\"inLanguage\":\"de\",\"potentialAction\":[{\"@type\":\"ReadAction\",\"target\":[\"https:\/\/www.tgmmeccanicadiprecisione.it\/de\/tgm-qualitaetslieferant-fuer-mechanische-praezisionsbearbeitung\/kunden-service-produktions-qualitaet\/\"]}]},{\"@type\":\"BreadcrumbList\",\"@id\":\"https:\/\/www.tgmmeccanicadiprecisione.it\/de\/tgm-qualitaetslieferant-fuer-mechanische-praezisionsbearbeitung\/kunden-service-produktions-qualitaet\/#breadcrumb\",\"itemListElement\":[{\"@type\":\"ListItem\",\"position\":1,\"name\":\"Home\",\"item\":\"https:\/\/mail.tgmmeccanicadiprecisione.it\/de\/\"},{\"@type\":\"ListItem\",\"position\":2,\"name\":\"Das unternehmen\",\"item\":\"https:\/\/tgmmeccanicadiprecisione.it\/de\/tgm-qualitaetslieferant-fuer-mechanische-praezisionsbearbeitung\/\"},{\"@type\":\"ListItem\",\"position\":3,\"name\":\"Kompletter Kundenservice\"}]},{\"@type\":\"WebSite\",\"@id\":\"https:\/\/www.tgmsrl.com\/#website\",\"url\":\"https:\/\/www.tgmsrl.com\/\",\"name\":\"TGM\",\"description\":\"Lavorazioni meccaniche di precisione\",\"publisher\":{\"@id\":\"https:\/\/www.tgmsrl.com\/#organization\"},\"alternateName\":\"TGM Meccanica di precisione\",\"potentialAction\":[{\"@type\":\"SearchAction\",\"target\":{\"@type\":\"EntryPoint\",\"urlTemplate\":\"https:\/\/www.tgmsrl.com\/?s={search_term_string}\"},\"query-input\":\"required name=search_term_string\"}],\"inLanguage\":\"de\"},{\"@type\":\"Organization\",\"@id\":\"https:\/\/www.tgmsrl.com\/#organization\",\"name\":\"TGM\",\"alternateName\":\"TGM Lavorazioni meccaniche di precisione\",\"url\":\"https:\/\/www.tgmsrl.com\/\",\"logo\":{\"@type\":\"ImageObject\",\"inLanguage\":\"de\",\"@id\":\"https:\/\/www.tgmsrl.com\/#\/schema\/logo\/image\/\",\"url\":\"https:\/\/tgmsrl.com\/wp-content\/uploads\/2022\/12\/cropped-logo-icona-sito.png\",\"contentUrl\":\"https:\/\/tgmsrl.com\/wp-content\/uploads\/2022\/12\/cropped-logo-icona-sito.png\",\"width\":512,\"height\":512,\"caption\":\"TGM\"},\"image\":{\"@id\":\"https:\/\/www.tgmsrl.com\/#\/schema\/logo\/image\/\"}}]}<\/script>\n<!-- \/ Yoast SEO plugin. -->","yoast_head_json":{"title":"TGM &mdash; Kompletter Kundenservice","description":"Hervorragende Qualit\u00e4t: Liebe zum Detail, Zuverl\u00e4ssigkeit, Effizienz und kontinuierliche Weiterentwicklung. TGM basiert auf diesen Eigenschaften ...","robots":{"index":"index","follow":"follow","max-snippet":"max-snippet:-1","max-image-preview":"max-image-preview:large","max-video-preview":"max-video-preview:-1"},"canonical":"https:\/\/www.tgmmeccanicadiprecisione.it\/de\/tgm-qualitaetslieferant-fuer-mechanische-praezisionsbearbeitung\/kunden-service-produktions-qualitaet\/","og_locale":"de_DE","og_type":"article","og_title":"TGM &mdash; Kompletter Kundenservice","og_description":"Hervorragende Qualit\u00e4t: Liebe zum Detail, Zuverl\u00e4ssigkeit, Effizienz und kontinuierliche Weiterentwicklung. TGM basiert auf diesen Eigenschaften ...","og_url":"https:\/\/www.tgmmeccanicadiprecisione.it\/de\/tgm-qualitaetslieferant-fuer-mechanische-praezisionsbearbeitung\/kunden-service-produktions-qualitaet\/","og_site_name":"TGM","article_modified_time":"2025-09-03T14:32:47+00:00","og_image":[{"url":"https:\/\/www.tgmmeccanicadiprecisione.it\/wp-content\/uploads\/2022\/12\/Confezionamento_6816.jpg","width":1,"height":1,"type":"image\/jpeg"}],"schema":{"@context":"https:\/\/schema.org","@graph":[{"@type":"WebPage","@id":"https:\/\/www.tgmmeccanicadiprecisione.it\/de\/tgm-qualitaetslieferant-fuer-mechanische-praezisionsbearbeitung\/kunden-service-produktions-qualitaet\/","url":"https:\/\/www.tgmmeccanicadiprecisione.it\/de\/tgm-qualitaetslieferant-fuer-mechanische-praezisionsbearbeitung\/kunden-service-produktions-qualitaet\/","name":"TGM &mdash; Kompletter Kundenservice","isPartOf":{"@id":"https:\/\/www.tgmsrl.com\/#website"},"datePublished":"2022-12-05T10:56:26+00:00","dateModified":"2025-09-03T14:32:47+00:00","description":"Hervorragende Qualit\u00e4t: Liebe zum Detail, Zuverl\u00e4ssigkeit, Effizienz und kontinuierliche Weiterentwicklung. TGM basiert auf diesen Eigenschaften ...","breadcrumb":{"@id":"https:\/\/www.tgmmeccanicadiprecisione.it\/de\/tgm-qualitaetslieferant-fuer-mechanische-praezisionsbearbeitung\/kunden-service-produktions-qualitaet\/#breadcrumb"},"inLanguage":"de","potentialAction":[{"@type":"ReadAction","target":["https:\/\/www.tgmmeccanicadiprecisione.it\/de\/tgm-qualitaetslieferant-fuer-mechanische-praezisionsbearbeitung\/kunden-service-produktions-qualitaet\/"]}]},{"@type":"BreadcrumbList","@id":"https:\/\/www.tgmmeccanicadiprecisione.it\/de\/tgm-qualitaetslieferant-fuer-mechanische-praezisionsbearbeitung\/kunden-service-produktions-qualitaet\/#breadcrumb","itemListElement":[{"@type":"ListItem","position":1,"name":"Home","item":"https:\/\/mail.tgmmeccanicadiprecisione.it\/de\/"},{"@type":"ListItem","position":2,"name":"Das unternehmen","item":"https:\/\/tgmmeccanicadiprecisione.it\/de\/tgm-qualitaetslieferant-fuer-mechanische-praezisionsbearbeitung\/"},{"@type":"ListItem","position":3,"name":"Kompletter Kundenservice"}]},{"@type":"WebSite","@id":"https:\/\/www.tgmsrl.com\/#website","url":"https:\/\/www.tgmsrl.com\/","name":"TGM","description":"Lavorazioni meccaniche di precisione","publisher":{"@id":"https:\/\/www.tgmsrl.com\/#organization"},"alternateName":"TGM Meccanica di precisione","potentialAction":[{"@type":"SearchAction","target":{"@type":"EntryPoint","urlTemplate":"https:\/\/www.tgmsrl.com\/?s={search_term_string}"},"query-input":"required name=search_term_string"}],"inLanguage":"de"},{"@type":"Organization","@id":"https:\/\/www.tgmsrl.com\/#organization","name":"TGM","alternateName":"TGM Lavorazioni meccaniche di precisione","url":"https:\/\/www.tgmsrl.com\/","logo":{"@type":"ImageObject","inLanguage":"de","@id":"https:\/\/www.tgmsrl.com\/#\/schema\/logo\/image\/","url":"https:\/\/tgmsrl.com\/wp-content\/uploads\/2022\/12\/cropped-logo-icona-sito.png","contentUrl":"https:\/\/tgmsrl.com\/wp-content\/uploads\/2022\/12\/cropped-logo-icona-sito.png","width":512,"height":512,"caption":"TGM"},"image":{"@id":"https:\/\/www.tgmsrl.com\/#\/schema\/logo\/image\/"}}]}},"_links":{"self":[{"href":"https:\/\/tgmsrl.com\/de\/wp-json\/wp\/v2\/pages\/1967","targetHints":{"allow":["GET"]}}],"collection":[{"href":"https:\/\/tgmsrl.com\/de\/wp-json\/wp\/v2\/pages"}],"about":[{"href":"https:\/\/tgmsrl.com\/de\/wp-json\/wp\/v2\/types\/page"}],"author":[{"embeddable":true,"href":"https:\/\/tgmsrl.com\/de\/wp-json\/wp\/v2\/users\/1"}],"replies":[{"embeddable":true,"href":"https:\/\/tgmsrl.com\/de\/wp-json\/wp\/v2\/comments?post=1967"}],"version-history":[{"count":4,"href":"https:\/\/tgmsrl.com\/de\/wp-json\/wp\/v2\/pages\/1967\/revisions"}],"predecessor-version":[{"id":1972,"href":"https:\/\/tgmsrl.com\/de\/wp-json\/wp\/v2\/pages\/1967\/revisions\/1972"}],"up":[{"embeddable":true,"href":"https:\/\/tgmsrl.com\/de\/wp-json\/wp\/v2\/pages\/1914"}],"wp:featuredmedia":[{"embeddable":true,"href":"https:\/\/tgmsrl.com\/de\/wp-json\/wp\/v2\/media\/1800"}],"wp:attachment":[{"href":"https:\/\/tgmsrl.com\/de\/wp-json\/wp\/v2\/media?parent=1967"}],"curies":[{"name":"wp","href":"https:\/\/api.w.org\/{rel}","templated":true}]}}