{"id":2073,"date":"2022-10-19T09:22:04","date_gmt":"2022-10-19T09:22:04","guid":{"rendered":"https:\/\/tgmsrl.com\/settori-produttivi-di-applicazione\/macchine-industriali\/"},"modified":"2025-09-03T15:07:53","modified_gmt":"2025-09-03T15:07:53","slug":"industrielle-maschinen","status":"publish","type":"page","link":"https:\/\/tgmsrl.com\/de\/anwendungssektoren\/industrielle-maschinen\/","title":{"rendered":"Industrielle Maschinen"},"content":{"rendered":"\n<h2 class=\"wp-block-heading\">TGM: ein idealer Partner f\u00fcr den Industriesektor.<\/h2>\n\n\n\n<p>In der Emilia befinden sich die erfahrensten Unternehmen im Bau von Anlagen f\u00fcr den Industriesektor; TGM stellt Teile f\u00fcr zahlreiche Industriezweige her und reagiert mit Qualit\u00e4t und Flexibilit\u00e4t auf jede spezifische Anfrage. Der Verwendungszweck bestimmt oft die Verwendung spezieller Materialien, spezifische mechanische Bearbeitungen, spezifische Endbehandlungen mit sorgf\u00e4ltiger Verpackung der Teile, um sie ohne Besch\u00e4digungsrisiko in die ganze Welt liefern zu k\u00f6nnen. F\u00fcr Hersteller von Industriemaschinen und -anlagen ist TGM der richtige Partner, da wir seit Jahren Artikel vom Prototyp \u00fcber die Bemusterung bis hin zur Serie innerhalb des vereinbarten Zeitrahmens herstellen und ihnen damit Kundentreue und jahrzehntelange Gesch\u00e4fte garantieren.<\/p>\n\n\n\n<div style=\"height:50px\" aria-hidden=\"true\" class=\"wp-block-spacer\"><\/div>\n\n\n\n<figure class=\"wp-block-gallery has-nested-images columns-2 is-cropped wp-block-gallery-1 is-layout-flex wp-block-gallery-is-layout-flex\">\n<figure class=\"wp-block-image size-large\"><img loading=\"lazy\" decoding=\"async\" width=\"930\" height=\"600\" data-id=\"649\" src=\"https:\/\/tgmmeccanicadiprecisione.it\/wp-content\/uploads\/2022\/11\/MacchineIndustriali.jpg\" alt=\"\" class=\"wp-image-649\" srcset=\"https:\/\/tgmmeccanicadiprecisione.it\/wp-content\/uploads\/2022\/11\/MacchineIndustriali.jpg 930w, https:\/\/tgmmeccanicadiprecisione.it\/wp-content\/uploads\/2022\/11\/MacchineIndustriali-480x310.jpg 480w\" sizes=\"auto, (min-width: 0px) and (max-width: 480px) 480px, (min-width: 481px) 930px, 100vw\" \/><\/figure>\n\n\n\n<figure class=\"wp-block-image size-large\"><img loading=\"lazy\" decoding=\"async\" width=\"799\" height=\"600\" data-id=\"648\" src=\"https:\/\/tgmmeccanicadiprecisione.it\/wp-content\/uploads\/2022\/11\/MacchineIndustriali1.jpg\" alt=\"\" class=\"wp-image-648\" srcset=\"https:\/\/tgmmeccanicadiprecisione.it\/wp-content\/uploads\/2022\/11\/MacchineIndustriali1.jpg 799w, https:\/\/tgmmeccanicadiprecisione.it\/wp-content\/uploads\/2022\/11\/MacchineIndustriali1-480x360.jpg 480w\" sizes=\"auto, (min-width: 0px) and (max-width: 480px) 480px, (min-width: 481px) 799px, 100vw\" \/><\/figure>\n\n\n\n<figure class=\"wp-block-image size-large\"><img loading=\"lazy\" decoding=\"async\" width=\"896\" height=\"600\" data-id=\"647\" src=\"https:\/\/tgmmeccanicadiprecisione.it\/wp-content\/uploads\/2022\/11\/MacchineIndustriali2.jpg\" alt=\"\" class=\"wp-image-647\" srcset=\"https:\/\/tgmmeccanicadiprecisione.it\/wp-content\/uploads\/2022\/11\/MacchineIndustriali2.jpg 896w, https:\/\/tgmmeccanicadiprecisione.it\/wp-content\/uploads\/2022\/11\/MacchineIndustriali2-480x321.jpg 480w\" sizes=\"auto, (min-width: 0px) and (max-width: 480px) 480px, (min-width: 481px) 896px, 100vw\" \/><\/figure>\n\n\n\n<figure class=\"wp-block-image size-large\"><img loading=\"lazy\" decoding=\"async\" width=\"900\" height=\"600\" data-id=\"646\" src=\"https:\/\/tgmmeccanicadiprecisione.it\/wp-content\/uploads\/2022\/11\/MacchineIndustriali3.jpg\" alt=\"\" class=\"wp-image-646\" srcset=\"https:\/\/tgmmeccanicadiprecisione.it\/wp-content\/uploads\/2022\/11\/MacchineIndustriali3.jpg 900w, https:\/\/tgmmeccanicadiprecisione.it\/wp-content\/uploads\/2022\/11\/MacchineIndustriali3-480x320.jpg 480w\" sizes=\"auto, (min-width: 0px) and (max-width: 480px) 480px, (min-width: 481px) 900px, 100vw\" \/><\/figure>\n<\/figure>\n","protected":false},"excerpt":{"rendered":"<p>TGM: ein idealer Partner f\u00fcr den Industriesektor. In der Emilia befinden sich die erfahrensten Unternehmen im Bau von Anlagen f\u00fcr den Industriesektor; TGM stellt Teile f\u00fcr zahlreiche Industriezweige her und reagiert mit Qualit\u00e4t und Flexibilit\u00e4t auf jede spezifische Anfrage. Der Verwendungszweck bestimmt oft die Verwendung spezieller Materialien, spezifische mechanische Bearbeitungen, spezifische Endbehandlungen mit sorgf\u00e4ltiger Verpackung [&hellip;]<\/p>\n","protected":false},"author":1,"featured_media":1674,"parent":2009,"menu_order":0,"comment_status":"closed","ping_status":"closed","template":"","meta":{"_et_pb_use_builder":"off","_et_pb_old_content":"","_et_gb_content_width":"","footnotes":""},"class_list":["post-2073","page","type-page","status-publish","has-post-thumbnail","hentry"],"yoast_head":"<!-- This site is optimized with the Yoast SEO plugin v20.1 - https:\/\/yoast.com\/wordpress\/plugins\/seo\/ -->\n<title>Mechanische Komponenten f\u00fcr Industrielle Maschinen &mdash; TGM<\/title>\n<meta name=\"description\" content=\"Von der Einzelteilbearbeitung bis zur Massenproduktion bietet TGM srl einen umfassenden Service f\u00fcr die Herstellung mechanischer Teile f\u00fcr verschiedene Industriezweige.\" \/>\n<meta name=\"robots\" content=\"index, follow, max-snippet:-1, max-image-preview:large, max-video-preview:-1\" \/>\n<link rel=\"canonical\" href=\"https:\/\/tgmmeccanicadiprecisione.it\/de\/anwendungssektoren\/industrielle-maschinen\/\" \/>\n<meta property=\"og:locale\" content=\"de_DE\" \/>\n<meta property=\"og:type\" content=\"article\" \/>\n<meta property=\"og:title\" content=\"Mechanische Komponenten f\u00fcr Industrielle Maschinen &mdash; TGM\" \/>\n<meta property=\"og:description\" content=\"Von der Einzelteilbearbeitung bis zur Massenproduktion bietet TGM srl einen umfassenden Service f\u00fcr die Herstellung mechanischer Teile f\u00fcr verschiedene Industriezweige.\" \/>\n<meta property=\"og:url\" content=\"https:\/\/tgmmeccanicadiprecisione.it\/de\/anwendungssektoren\/industrielle-maschinen\/\" \/>\n<meta property=\"og:site_name\" content=\"TGM\" \/>\n<meta property=\"article:modified_time\" content=\"2025-09-03T15:07:53+00:00\" \/>\n<meta property=\"og:image\" content=\"https:\/\/tgmmeccanicadiprecisione.it\/wp-content\/uploads\/2022\/10\/Macchine-Industriali-scaled.jpg\" \/>\n\t<meta property=\"og:image:width\" content=\"2560\" \/>\n\t<meta property=\"og:image:height\" content=\"709\" \/>\n\t<meta property=\"og:image:type\" content=\"image\/jpeg\" \/>\n<script type=\"application\/ld+json\" class=\"yoast-schema-graph\">{\"@context\":\"https:\/\/schema.org\",\"@graph\":[{\"@type\":\"WebPage\",\"@id\":\"https:\/\/tgmmeccanicadiprecisione.it\/de\/anwendungssektoren\/industrielle-maschinen\/\",\"url\":\"https:\/\/tgmmeccanicadiprecisione.it\/de\/anwendungssektoren\/industrielle-maschinen\/\",\"name\":\"Mechanische Komponenten f\u00fcr Industrielle Maschinen &mdash; TGM\",\"isPartOf\":{\"@id\":\"https:\/\/www.tgmsrl.com\/#website\"},\"datePublished\":\"2022-10-19T09:22:04+00:00\",\"dateModified\":\"2025-09-03T15:07:53+00:00\",\"description\":\"Von der Einzelteilbearbeitung bis zur Massenproduktion bietet TGM srl einen umfassenden Service f\u00fcr die Herstellung mechanischer Teile f\u00fcr verschiedene Industriezweige.\",\"breadcrumb\":{\"@id\":\"https:\/\/tgmmeccanicadiprecisione.it\/de\/anwendungssektoren\/industrielle-maschinen\/#breadcrumb\"},\"inLanguage\":\"de\",\"potentialAction\":[{\"@type\":\"ReadAction\",\"target\":[\"https:\/\/tgmmeccanicadiprecisione.it\/de\/anwendungssektoren\/industrielle-maschinen\/\"]}]},{\"@type\":\"BreadcrumbList\",\"@id\":\"https:\/\/tgmmeccanicadiprecisione.it\/de\/anwendungssektoren\/industrielle-maschinen\/#breadcrumb\",\"itemListElement\":[{\"@type\":\"ListItem\",\"position\":1,\"name\":\"Home\",\"item\":\"https:\/\/mail.tgmmeccanicadiprecisione.it\/de\/\"},{\"@type\":\"ListItem\",\"position\":2,\"name\":\"Anwendungssektoren\",\"item\":\"https:\/\/mail.tgmmeccanicadiprecisione.it\/de\/anwendungssektoren\/\"},{\"@type\":\"ListItem\",\"position\":3,\"name\":\"Industrielle Maschinen\"}]},{\"@type\":\"WebSite\",\"@id\":\"https:\/\/www.tgmsrl.com\/#website\",\"url\":\"https:\/\/www.tgmsrl.com\/\",\"name\":\"TGM\",\"description\":\"Lavorazioni meccaniche di precisione\",\"publisher\":{\"@id\":\"https:\/\/www.tgmsrl.com\/#organization\"},\"alternateName\":\"TGM Meccanica di precisione\",\"potentialAction\":[{\"@type\":\"SearchAction\",\"target\":{\"@type\":\"EntryPoint\",\"urlTemplate\":\"https:\/\/www.tgmsrl.com\/?s={search_term_string}\"},\"query-input\":\"required name=search_term_string\"}],\"inLanguage\":\"de\"},{\"@type\":\"Organization\",\"@id\":\"https:\/\/www.tgmsrl.com\/#organization\",\"name\":\"TGM\",\"alternateName\":\"TGM Lavorazioni meccaniche di precisione\",\"url\":\"https:\/\/www.tgmsrl.com\/\",\"logo\":{\"@type\":\"ImageObject\",\"inLanguage\":\"de\",\"@id\":\"https:\/\/www.tgmsrl.com\/#\/schema\/logo\/image\/\",\"url\":\"https:\/\/tgmsrl.com\/wp-content\/uploads\/2022\/12\/cropped-logo-icona-sito.png\",\"contentUrl\":\"https:\/\/tgmsrl.com\/wp-content\/uploads\/2022\/12\/cropped-logo-icona-sito.png\",\"width\":512,\"height\":512,\"caption\":\"TGM\"},\"image\":{\"@id\":\"https:\/\/www.tgmsrl.com\/#\/schema\/logo\/image\/\"}}]}<\/script>\n<!-- \/ Yoast SEO plugin. -->","yoast_head_json":{"title":"Mechanische Komponenten f\u00fcr Industrielle Maschinen &mdash; TGM","description":"Von der Einzelteilbearbeitung bis zur Massenproduktion bietet TGM srl einen umfassenden Service f\u00fcr die Herstellung mechanischer Teile f\u00fcr verschiedene Industriezweige.","robots":{"index":"index","follow":"follow","max-snippet":"max-snippet:-1","max-image-preview":"max-image-preview:large","max-video-preview":"max-video-preview:-1"},"canonical":"https:\/\/tgmmeccanicadiprecisione.it\/de\/anwendungssektoren\/industrielle-maschinen\/","og_locale":"de_DE","og_type":"article","og_title":"Mechanische Komponenten f\u00fcr Industrielle Maschinen &mdash; TGM","og_description":"Von der Einzelteilbearbeitung bis zur Massenproduktion bietet TGM srl einen umfassenden Service f\u00fcr die Herstellung mechanischer Teile f\u00fcr verschiedene Industriezweige.","og_url":"https:\/\/tgmmeccanicadiprecisione.it\/de\/anwendungssektoren\/industrielle-maschinen\/","og_site_name":"TGM","article_modified_time":"2025-09-03T15:07:53+00:00","og_image":[{"width":2560,"height":709,"url":"https:\/\/tgmmeccanicadiprecisione.it\/wp-content\/uploads\/2022\/10\/Macchine-Industriali-scaled.jpg","type":"image\/jpeg"}],"schema":{"@context":"https:\/\/schema.org","@graph":[{"@type":"WebPage","@id":"https:\/\/tgmmeccanicadiprecisione.it\/de\/anwendungssektoren\/industrielle-maschinen\/","url":"https:\/\/tgmmeccanicadiprecisione.it\/de\/anwendungssektoren\/industrielle-maschinen\/","name":"Mechanische Komponenten f\u00fcr Industrielle Maschinen &mdash; TGM","isPartOf":{"@id":"https:\/\/www.tgmsrl.com\/#website"},"datePublished":"2022-10-19T09:22:04+00:00","dateModified":"2025-09-03T15:07:53+00:00","description":"Von der Einzelteilbearbeitung bis zur Massenproduktion bietet TGM srl einen umfassenden Service f\u00fcr die Herstellung mechanischer Teile f\u00fcr verschiedene Industriezweige.","breadcrumb":{"@id":"https:\/\/tgmmeccanicadiprecisione.it\/de\/anwendungssektoren\/industrielle-maschinen\/#breadcrumb"},"inLanguage":"de","potentialAction":[{"@type":"ReadAction","target":["https:\/\/tgmmeccanicadiprecisione.it\/de\/anwendungssektoren\/industrielle-maschinen\/"]}]},{"@type":"BreadcrumbList","@id":"https:\/\/tgmmeccanicadiprecisione.it\/de\/anwendungssektoren\/industrielle-maschinen\/#breadcrumb","itemListElement":[{"@type":"ListItem","position":1,"name":"Home","item":"https:\/\/mail.tgmmeccanicadiprecisione.it\/de\/"},{"@type":"ListItem","position":2,"name":"Anwendungssektoren","item":"https:\/\/mail.tgmmeccanicadiprecisione.it\/de\/anwendungssektoren\/"},{"@type":"ListItem","position":3,"name":"Industrielle Maschinen"}]},{"@type":"WebSite","@id":"https:\/\/www.tgmsrl.com\/#website","url":"https:\/\/www.tgmsrl.com\/","name":"TGM","description":"Lavorazioni meccaniche di precisione","publisher":{"@id":"https:\/\/www.tgmsrl.com\/#organization"},"alternateName":"TGM Meccanica di precisione","potentialAction":[{"@type":"SearchAction","target":{"@type":"EntryPoint","urlTemplate":"https:\/\/www.tgmsrl.com\/?s={search_term_string}"},"query-input":"required name=search_term_string"}],"inLanguage":"de"},{"@type":"Organization","@id":"https:\/\/www.tgmsrl.com\/#organization","name":"TGM","alternateName":"TGM Lavorazioni meccaniche di precisione","url":"https:\/\/www.tgmsrl.com\/","logo":{"@type":"ImageObject","inLanguage":"de","@id":"https:\/\/www.tgmsrl.com\/#\/schema\/logo\/image\/","url":"https:\/\/tgmsrl.com\/wp-content\/uploads\/2022\/12\/cropped-logo-icona-sito.png","contentUrl":"https:\/\/tgmsrl.com\/wp-content\/uploads\/2022\/12\/cropped-logo-icona-sito.png","width":512,"height":512,"caption":"TGM"},"image":{"@id":"https:\/\/www.tgmsrl.com\/#\/schema\/logo\/image\/"}}]}},"_links":{"self":[{"href":"https:\/\/tgmsrl.com\/de\/wp-json\/wp\/v2\/pages\/2073","targetHints":{"allow":["GET"]}}],"collection":[{"href":"https:\/\/tgmsrl.com\/de\/wp-json\/wp\/v2\/pages"}],"about":[{"href":"https:\/\/tgmsrl.com\/de\/wp-json\/wp\/v2\/types\/page"}],"author":[{"embeddable":true,"href":"https:\/\/tgmsrl.com\/de\/wp-json\/wp\/v2\/users\/1"}],"replies":[{"embeddable":true,"href":"https:\/\/tgmsrl.com\/de\/wp-json\/wp\/v2\/comments?post=2073"}],"version-history":[{"count":3,"href":"https:\/\/tgmsrl.com\/de\/wp-json\/wp\/v2\/pages\/2073\/revisions"}],"predecessor-version":[{"id":2077,"href":"https:\/\/tgmsrl.com\/de\/wp-json\/wp\/v2\/pages\/2073\/revisions\/2077"}],"up":[{"embeddable":true,"href":"https:\/\/tgmsrl.com\/de\/wp-json\/wp\/v2\/pages\/2009"}],"wp:featuredmedia":[{"embeddable":true,"href":"https:\/\/tgmsrl.com\/de\/wp-json\/wp\/v2\/media\/1674"}],"wp:attachment":[{"href":"https:\/\/tgmsrl.com\/de\/wp-json\/wp\/v2\/media?parent=2073"}],"curies":[{"name":"wp","href":"https:\/\/api.w.org\/{rel}","templated":true}]}}